{"id":2175,"date":"2023-04-30T06:58:57","date_gmt":"2023-04-30T06:58:57","guid":{"rendered":"https:\/\/redlyne.ee\/?page_id=2175"},"modified":"2026-02-19T11:34:31","modified_gmt":"2026-02-19T11:34:31","slug":"faq","status":"publish","type":"page","link":"https:\/\/redlyne.ee\/est\/faq\/","title":{"rendered":"KKK"},"content":{"rendered":"<div data-elementor-type=\"wp-page\" data-elementor-id=\"2175\" class=\"elementor elementor-2175\">\n\t\t\t\t<div class=\"elementor-element elementor-element-2b3e2e9 e-flex e-con-boxed e-con e-parent\" data-id=\"2b3e2e9\" data-element_type=\"container\" data-e-type=\"container\">\n\t\t\t\t\t<div class=\"e-con-inner\">\n\t\t\t\t<div class=\"elementor-element elementor-element-17e19d2 elementor-widget elementor-widget-ideapark-accordion\" data-id=\"17e19d2\" data-element_type=\"widget\" data-e-type=\"widget\" data-widget_type=\"ideapark-accordion.default\">\n\t\t\t\t<div class=\"elementor-widget-container\">\n\t\t\t\t\t\t\t<div class=\"c-ip-accordion\">\n\t\t\t<div class=\"c-ip-accordion__wrap\">\n\t\t\t\t<div class=\"c-ip-accordion__list\">\n\t\t\t\t\t\t\t\t\t\t<div class=\"c-ip-accordion__item\">\n\t\t\t\t\t\t<a class=\"c-ip-accordion__link js-accordion-title\" href=\"\" onclick=\"return false;\"><div class=\"c-ip-accordion__header\">Millised on teie tarne- ja saatmistingimused?<i class=\"ip-plus_big c-ip-accordion__arrow\"><\/i><\/div><\/a>\t\t\t\t\t\t<div class=\"c-ip-accordion__content entry-content\"><p>Pakume standardset tarnet Euroopa piires. Tarneaeg ja -kulud v\u00f5ivad varieeruda s\u00f5ltuvalt teie asukohast ja tellimuse suurusest. Lisateabe saamiseks vaadake palun meie saatmis- ja tarnetingimuste lehte.<\/p><\/div>\t\t\t\t\t<\/div>\n\t\t\t\t\t\t\t\t\t\t<div class=\"c-ip-accordion__item\">\n\t\t\t\t\t\t<a class=\"c-ip-accordion__link js-accordion-title\" href=\"\" onclick=\"return false;\"><div class=\"c-ip-accordion__header\">Millised on teie tagastamistingimused?<i class=\"ip-plus_big c-ip-accordion__arrow\"><\/i><\/div><\/a>\t\t\t\t\t\t<div class=\"c-ip-accordion__content entry-content\"><p>Pakume lihtsat ja muretut tagastuspoliitikat 30 p\u00e4eva jooksul p\u00e4rast ostu. Tooted peavad olema nende algses seisukorras. Lisateabe saamiseks vaadake palun meie tagastamistingimuste lehte.<\/p><\/div>\t\t\t\t\t<\/div>\n\t\t\t\t\t\t\t\t\t\t<div class=\"c-ip-accordion__item\">\n\t\t\t\t\t\t<a class=\"c-ip-accordion__link js-accordion-title\" href=\"\" onclick=\"return false;\"><div class=\"c-ip-accordion__header\">Kas te tarnite ka rahvusvaheliselt?<i class=\"ip-plus_big c-ip-accordion__arrow\"><\/i><\/div><\/a>\t\t\t\t\t\t<div class=\"c-ip-accordion__content entry-content\"><p>Hetkel pakume tarnet ainult Euroopa Liidu piires. Vabandame v\u00f5imalike ebamugavuste p\u00e4rast.<\/p><\/div>\t\t\t\t\t<\/div>\n\t\t\t\t\t\t\t\t\t\t<div class=\"c-ip-accordion__item\">\n\t\t\t\t\t\t<a class=\"c-ip-accordion__link js-accordion-title\" href=\"\" onclick=\"return false;\"><div class=\"c-ip-accordion__header\">Milliseid on teie makseviisid?<i class=\"ip-plus_big c-ip-accordion__arrow\"><\/i><\/div><\/a>\t\t\t\t\t\t<div class=\"c-ip-accordion__content entry-content\"><p>Aktsepteerime peamisi krediit- ja deebetkaarte, sealhulgas Visa, Mastercard, American Express ja Discover. Samuti aktsepteerime makseid teenuste kaudu Apple Pay ja Google Pay.<\/p><\/div>\t\t\t\t\t<\/div>\n\t\t\t\t\t\t\t\t\t\t<div class=\"c-ip-accordion__item\">\n\t\t\t\t\t\t<a class=\"c-ip-accordion__link js-accordion-title\" href=\"\" onclick=\"return false;\"><div class=\"c-ip-accordion__header\">Kuidas ma saan oma tellimust j\u00e4lgida?<i class=\"ip-plus_big c-ip-accordion__arrow\"><\/i><\/div><\/a>\t\t\t\t\t\t<div class=\"c-ip-accordion__content entry-content\"><p>Kui teie tellimus on teele saadetud, saate kinnituse e-kirja koos j\u00e4lgimisnumbriga. Seda numbrit saate kasutada tellimuse j\u00e4lgimiseks meie veebilehel v\u00f5i tarnija kodulehel.<\/p><\/div>\t\t\t\t\t<\/div>\n\t\t\t\t\t\t\t\t\t\t<div class=\"c-ip-accordion__item\">\n\t\t\t\t\t\t<a class=\"c-ip-accordion__link js-accordion-title\" href=\"\" onclick=\"return false;\"><div class=\"c-ip-accordion__header\">Kuidas ma saan oma tellimust t\u00fchistada?<i class=\"ip-plus_big c-ip-accordion__arrow\"><\/i><\/div><\/a>\t\t\t\t\t\t<div class=\"c-ip-accordion__content entry-content\"><p>Kui teie tellimus ei ole veel teele saadetud, saate selle t\u00fchistada, v\u00f5ttes \u00fchendust meie klienditeenindusega. Kui tellimus on juba teele saadetud, tuleb tooted tagastada vastavalt meie tagastamispoliitikale.<\/p><\/div>\t\t\t\t\t<\/div>\n\t\t\t\t\t\t\t\t\t\t<div class=\"c-ip-accordion__item\">\n\t\t\t\t\t\t<a class=\"c-ip-accordion__link js-accordion-title\" href=\"\" onclick=\"return false;\"><div class=\"c-ip-accordion__header\">Kuidas ma saan v\u00f5tta \u00fchendust klienditeenindusega, kui mul on k\u00fcsimus v\u00f5i mure?<i class=\"ip-plus_big c-ip-accordion__arrow\"><\/i><\/div><\/a>\t\t\t\t\t\t<div class=\"c-ip-accordion__content entry-content\"><p class=\"translation-block\">Meiega saab \u00fchendust e-posti teel aadressil info@redlyne.ee. Meie meeskond on valmis aitama teid k\u00f5ikide k\u00fcsimuste ja murede korral.<\/p><\/div>\t\t\t\t\t<\/div>\n\t\t\t\t\t\t\t\t\t<\/div>\n\t\t\t<\/div>\n\t\t<\/div>\n\t\t\t\t\t\t<\/div>\n\t\t\t\t<\/div>\n\t\t\t\t\t<\/div>\n\t\t\t\t<\/div>\n\t\t\t\t<\/div>","protected":false},"excerpt":{"rendered":"<p>What is your shipping policy? We offer standard shipping within Europe. Shipping times and costs may vary based&hellip;<\/p>","protected":false},"author":1,"featured_media":0,"parent":0,"menu_order":0,"comment_status":"closed","ping_status":"closed","template":"","meta":{"_monsterinsights_skip_tracking":false,"_monsterinsights_sitenote_active":false,"_monsterinsights_sitenote_note":"","_monsterinsights_sitenote_category":0,"footnotes":""},"class_list":["post-2175","page","type-page","status-publish","hentry"],"aioseo_notices":[],"jetpack_sharing_enabled":true,"_links":{"self":[{"href":"https:\/\/redlyne.ee\/est\/wp-json\/wp\/v2\/pages\/2175","targetHints":{"allow":["GET"]}}],"collection":[{"href":"https:\/\/redlyne.ee\/est\/wp-json\/wp\/v2\/pages"}],"about":[{"href":"https:\/\/redlyne.ee\/est\/wp-json\/wp\/v2\/types\/page"}],"author":[{"embeddable":true,"href":"https:\/\/redlyne.ee\/est\/wp-json\/wp\/v2\/users\/1"}],"replies":[{"embeddable":true,"href":"https:\/\/redlyne.ee\/est\/wp-json\/wp\/v2\/comments?post=2175"}],"version-history":[{"count":9,"href":"https:\/\/redlyne.ee\/est\/wp-json\/wp\/v2\/pages\/2175\/revisions"}],"predecessor-version":[{"id":3311,"href":"https:\/\/redlyne.ee\/est\/wp-json\/wp\/v2\/pages\/2175\/revisions\/3311"}],"wp:attachment":[{"href":"https:\/\/redlyne.ee\/est\/wp-json\/wp\/v2\/media?parent=2175"}],"curies":[{"name":"wp","href":"https:\/\/api.w.org\/{rel}","templated":true}]}}